{"id":130327,"date":"2021-09-09T20:50:26","date_gmt":"2021-09-09T18:50:26","guid":{"rendered":"https:\/\/przytkowice.energy2000.pl\/?page_id=130327"},"modified":"2021-09-10T11:54:24","modified_gmt":"2021-09-10T09:54:24","slug":"rozklad-lozy-2","status":"publish","type":"page","link":"https:\/\/przytkowice.energy2000.pl\/cs\/rozklad-lozy-2\/","title":{"rendered":"Uspo\u0159\u00e1d\u00e1n\u00ed chaty"},"content":{"rendered":"<h3><img decoding=\"async\" loading=\"lazy\" class=\"alignnone size-large wp-image-130341\" src=\"https:\/\/przytkowice.energy2000.pl\/wp-content\/uploads\/2021\/09\/LOZE-2021-CA\u0141O\u015a\u0106-950X700-1200DPI-1024x755.jpg\" alt=\"\" width=\"1024\" height=\"755\" \/><br \/>\nREZERWACJE:<\/h3>\n<p>Zapraszamy do rezerwacji lo\u017cy <a href=\"https:\/\/przytkowice.energy2000.pl\/cs\/vstupenky\/\">ON-LINE\u00a0 KLIKNIJ TUTAJ<\/a><\/p>","protected":false},"excerpt":{"rendered":"<p>REZERWACJE: Zapraszamy do rezerwacji lo\u017cy ON-LINE\u00a0 KLIKNIJ TUTAJ<\/p>","protected":false},"author":1462,"featured_media":0,"parent":0,"menu_order":5,"comment_status":"closed","ping_status":"closed","template":"","meta":[],"_links":{"self":[{"href":"https:\/\/przytkowice.energy2000.pl\/cs\/wp-json\/wp\/v2\/pages\/130327"}],"collection":[{"href":"https:\/\/przytkowice.energy2000.pl\/cs\/wp-json\/wp\/v2\/pages"}],"about":[{"href":"https:\/\/przytkowice.energy2000.pl\/cs\/wp-json\/wp\/v2\/types\/page"}],"author":[{"embeddable":true,"href":"https:\/\/przytkowice.energy2000.pl\/cs\/wp-json\/wp\/v2\/users\/1462"}],"replies":[{"embeddable":true,"href":"https:\/\/przytkowice.energy2000.pl\/cs\/wp-json\/wp\/v2\/comments?post=130327"}],"version-history":[{"count":4,"href":"https:\/\/przytkowice.energy2000.pl\/cs\/wp-json\/wp\/v2\/pages\/130327\/revisions"}],"predecessor-version":[{"id":130342,"href":"https:\/\/przytkowice.energy2000.pl\/cs\/wp-json\/wp\/v2\/pages\/130327\/revisions\/130342"}],"wp:attachment":[{"href":"https:\/\/przytkowice.energy2000.pl\/cs\/wp-json\/wp\/v2\/media?parent=130327"}],"curies":[{"name":"wp","href":"https:\/\/api.w.org\/{rel}","templated":true}]}}