{"id":3809,"date":"2017-04-11T14:19:29","date_gmt":"2017-04-11T12:19:29","guid":{"rendered":"http:\/\/k.energy2000.pl\/?page_id=3809"},"modified":"2017-04-11T14:19:29","modified_gmt":"2017-04-11T12:19:29","slug":"iso-9001","status":"publish","type":"page","link":"https:\/\/przytkowice.energy2000.pl\/cs\/klub\/iso-9001\/","title":{"rendered":"ISO 9001"},"content":{"rendered":"<p>Klub Energy 2000 ju\u017c od ponad siedmiu lat, jako jedyny w Polsce i jeden z nielicznych klub\u00f3w na \u015bwiecie posiada certyfikat jako\u015bci ISO 9001. Certyfikat ten wydaje niezale\u017cna i niezawis\u0142a organizacja, kt\u00f3ra po d\u0142ugim i bardzo dok\u0142adnym procesie weryfikacji stwierdza, \u017ce dana organizacja, w tym przypadku klub Energy 2000 w Przytkowicach, spe\u0142nia wszystkie najbardziej rygorystyczne normy i standardy jako\u015bci. Energy 2000 uzyska\u0142o certyfikat ISO, dzi\u0119ki wyj\u0105tkowej dba\u0142o\u015bci o obs\u0142ug\u0119 klienta oraz dba\u0142o\u015bci o ka\u017cdy najmniejszy aspekt organizacji imprezy, pocz\u0105wszy od zapewnienia\u00a0bezpiecze\u0144stwa, a sko\u0144czywszy na czysto\u015bci i rozwi\u0105zaniach\u00a0z zakresu logistyki i ergonomii. Naszym docelowym produktem jest zapewnienie naszym Klientom rozrywki na najwy\u017cszym poziomie, w bezpiecznych, komfortowych warunkach i certyfikat jako\u015bci ISO 9001 potwierdza, \u017ce robimy to najlepiej na \u015bwiecie!<\/p>","protected":false},"excerpt":{"rendered":"<p>Klub Energy 2000 ju\u017c od ponad siedmiu lat, jako jedyny w Polsce i jeden z nielicznych klub\u00f3w na \u015bwiecie posiada certyfikat jako\u015bci ISO 9001. Certyfikat ten wydaje niezale\u017cna i niezawis\u0142a organizacja, kt\u00f3ra po d\u0142ugim i bardzo dok\u0142adnym procesie weryfikacji stwierdza, &#8230; <a class=\"Rmore tbutton small\" href=\"https:\/\/przytkowice.energy2000.pl\/cs\/klub\/iso-9001\/\"><span>Zobacz Wi\u0119cej \u00bb<\/span><\/a><\/p>","protected":false},"author":2,"featured_media":0,"parent":3191,"menu_order":23,"comment_status":"closed","ping_status":"closed","template":"","meta":[],"_links":{"self":[{"href":"https:\/\/przytkowice.energy2000.pl\/cs\/wp-json\/wp\/v2\/pages\/3809"}],"collection":[{"href":"https:\/\/przytkowice.energy2000.pl\/cs\/wp-json\/wp\/v2\/pages"}],"about":[{"href":"https:\/\/przytkowice.energy2000.pl\/cs\/wp-json\/wp\/v2\/types\/page"}],"author":[{"embeddable":true,"href":"https:\/\/przytkowice.energy2000.pl\/cs\/wp-json\/wp\/v2\/users\/2"}],"replies":[{"embeddable":true,"href":"https:\/\/przytkowice.energy2000.pl\/cs\/wp-json\/wp\/v2\/comments?post=3809"}],"version-history":[{"count":1,"href":"https:\/\/przytkowice.energy2000.pl\/cs\/wp-json\/wp\/v2\/pages\/3809\/revisions"}],"predecessor-version":[{"id":3810,"href":"https:\/\/przytkowice.energy2000.pl\/cs\/wp-json\/wp\/v2\/pages\/3809\/revisions\/3810"}],"up":[{"embeddable":true,"href":"https:\/\/przytkowice.energy2000.pl\/cs\/wp-json\/wp\/v2\/pages\/3191"}],"wp:attachment":[{"href":"https:\/\/przytkowice.energy2000.pl\/cs\/wp-json\/wp\/v2\/media?parent=3809"}],"curies":[{"name":"wp","href":"https:\/\/api.w.org\/{rel}","templated":true}]}}