{"id":3813,"date":"2017-04-11T14:24:32","date_gmt":"2017-04-11T12:24:32","guid":{"rendered":"http:\/\/k.energy2000.pl\/?page_id=3813"},"modified":"2017-04-11T14:24:32","modified_gmt":"2017-04-11T12:24:32","slug":"polityka-zrownowazonego-rozwoju-spoleczno-ekonomicznego","status":"publish","type":"page","link":"https:\/\/przytkowice.energy2000.pl\/cs\/klub\/politika-vyvazeneho-socioekonomickeho-rozvoje\/","title":{"rendered":"Politika socioekonomick\u00e9 udr\u017eitelnosti"},"content":{"rendered":"<p>Kl\u00ed\u010dov\u00e9 z\u00e1sady spole\u010dnosti Energy 2000 pro prov\u00e1d\u011bn\u00ed politiky udr\u017eiteln\u00e9ho rozvoje<br \/>\n<strong>JSME EKO<\/strong><br \/>\nJsme si v\u011bdomi vlivu na \u017eivotn\u00ed prost\u0159ed\u00ed a nutnosti zlep\u0161ovat na\u0161i \u010dinnost na jeho ochranu, a proto se zavazujeme prov\u00e1d\u011bt sv\u00e9 \u010dinnosti tak, abychom minimalizovali \u0161kodliv\u00e9 vlivy na \u017eivotn\u00ed prost\u0159ed\u00ed, ani\u017e by byl ohro\u017een provoz za\u0159\u00edzen\u00ed a kvalita nab\u00edzen\u00fdch slu\u017eeb, a abychom splnili po\u017eadavky pr\u00e1vn\u00edch p\u0159edpis\u016f a na\u0159\u00edzen\u00ed v oblasti \u017eivotn\u00edho prost\u0159ed\u00ed.<\/p>\n<p>Energy2000 znamen\u00e1 proekologick\u00e1 \u0159e\u0161en\u00ed - jedine\u010dn\u00e1 v Polsku, Evrop\u011b a dokonce i ve sv\u011bt\u011b. Za\u0159\u00edzen\u00ed pou\u017e\u00edvan\u00e1 v na\u0161ich diskot\u00e9k\u00e1ch se vyzna\u010duj\u00ed nejvy\u0161\u0161\u00edm stupn\u011bm inovace, stejn\u011b jako nejnov\u011bj\u0161\u00edmi \u0159e\u0161en\u00edmi zam\u011b\u0159en\u00fdmi na sn\u00ed\u017een\u00ed spot\u0159eby energie a vody a omezen\u00ed hluku.<\/p>\n<p>Spole\u010dnost Energy 2000 zohled\u0148uje ekologick\u00e1 krit\u00e9ria p\u0159i n\u00e1kupech a spolupr\u00e1ci se subdodavateli. Intern\u00ed postup pro v\u00fdb\u011br dodavatel\u016f a prov\u00e1d\u011bn\u00ed n\u00e1kup\u016f mimo jin\u00e9 p\u0159edpokl\u00e1d\u00e1 up\u0159ednost\u0148ov\u00e1n\u00ed dodavatel\u016f s certifik\u00e1tem EMAS nebo ISO 14001 pro environment\u00e1ln\u00ed \u0159\u00edzen\u00ed.<\/p>\n<p>Spole\u010dnost pou\u017e\u00edv\u00e1 v gastronomii pouze vratn\u00e9 obaly a pou\u017e\u00edv\u00e1 nez\u00e1vadn\u00e9 kartonov\u00e9 krabice, t\u0159\u00edd\u011bn\u00ed a lisov\u00e1n\u00ed. Ve\u0161ker\u00fd odpad, kter\u00fd je vhodn\u00fd, je p\u0159ed\u00e1v\u00e1n extern\u00edm subjekt\u016fm k likvidaci, se\u0161rotov\u00e1n\u00ed a op\u011btovn\u00e9mu pou\u017eit\u00ed.<\/p>\n<p>Spole\u010dnost Energy2000 pl\u00e1nuje dal\u0161\u00ed investice s n\u00e1zvem. \"V\u00fdstavba inovativn\u00edho z\u00e1bavn\u00edho parku kombinuj\u00edc\u00edho technologie, z\u00e1bavu a vzd\u011bl\u00e1v\u00e1n\u00ed: edutainment\". Realizovan\u00e1 investice zahrnuje \u0159adu prvk\u016f v procesu poskytov\u00e1n\u00ed slu\u017eeb, kter\u00e9 maj\u00ed v\u00fdznamn\u00fd dopad na stav p\u0159\u00edrodn\u00edho prost\u0159ed\u00ed. Hlavn\u00ed efekty projektu, kter\u00e9 maj\u00ed proenvironment\u00e1ln\u00ed rozm\u011br, jsou n\u00e1sleduj\u00edc\u00ed:<br \/>\n- vyu\u017eit\u00ed obnoviteln\u00e9ho zdroje energie;<br \/>\n- sn\u00ed\u017een\u00ed emis\u00ed \u0161kodliv\u00fdch l\u00e1tek do \u017eivotn\u00edho prost\u0159ed\u00ed;<br \/>\n- \u00faspora vody;<br \/>\n- energetick\u00e1 \u00fa\u010dinnost d\u00edky vyu\u017eit\u00ed nejmodern\u011bj\u0161\u00edch technologi\u00ed, sn\u00ed\u017een\u00ed spot\u0159eby energie, LED osv\u011btlen\u00ed, osv\u011btlen\u00ed s laserov\u00fdm efektem a vysoce v\u00fdkonn\u00fdmi diodami a dal\u0161\u00ed.<\/p>\n<p>Pevn\u011b v\u011b\u0159\u00edme, \u017ee uplat\u0148ov\u00e1n\u00ed t\u00e9to politiky \u017eivotn\u00edho prost\u0159ed\u00ed p\u0159isp\u011bje k ochran\u011b \u017eivotn\u00edho prost\u0159ed\u00ed a k informovanosti na\u0161ich z\u00e1kazn\u00edk\u016f a zam\u011bstnanc\u016f. Rovn\u011b\u017e prohla\u0161ujeme, \u017ee s touto politikou ochrany \u017eivotn\u00edho prost\u0159ed\u00ed jsou sezn\u00e1meny v\u0161echny osoby pracuj\u00edc\u00ed pro spole\u010dnost Energy2000 nebo jej\u00edm jm\u00e9nem.<\/p>\n<p>Politika rovn\u00fdch p\u0159\u00edle\u017eitost\u00ed.<br \/>\nZ\u00e1sady politiky rovn\u00fdch p\u0159\u00edle\u017eitost\u00ed v zam\u011bstn\u00e1v\u00e1n\u00ed jsou prov\u00e1d\u011bny prost\u0159ednictv\u00edm<br \/>\npostup spole\u010dnosti p\u0159i p\u0159ij\u00edm\u00e1n\u00ed zam\u011bstnanc\u016f. Tento postup je zalo\u017een na z\u00e1sad\u011b absolutn\u00ed nediskriminace zam\u011bstnanc\u016f z d\u016fvodu pohlav\u00ed, rasy nebo etnick\u00e9ho p\u016fvodu, n\u00e1bo\u017eensk\u00e9ho vyzn\u00e1n\u00ed nebo p\u0159esv\u011bd\u010den\u00ed, zdravotn\u00edho posti\u017een\u00ed, v\u011bku nebo sexu\u00e1ln\u00ed orientace. Spole\u010dnost vytv\u00e1\u0159\u00ed rovn\u00fd p\u0159\u00edstup k pracovn\u00edm m\u00edst\u016fm pro \u017eeny i mu\u017ee a uplat\u0148uje v\u016f\u010di nim stejn\u00e1 krit\u00e9ria hodnocen\u00ed a povy\u0161ov\u00e1n\u00ed.<br \/>\nSpole\u010dnost Energy 2000 jako zam\u011bstnavatel uplat\u0148uje politiku rovn\u00fdch p\u0159\u00edle\u017eitost\u00ed v oblasti zam\u011bstn\u00e1v\u00e1n\u00ed, zejm\u00e9na pro osoby se zdravotn\u00edm posti\u017een\u00edm, \u017eeny, absolventy a zam\u011bstnance star\u0161\u00ed 50 let.<br \/>\nNab\u00edz\u00edme sm\u011bny, kter\u00e9 jsou atraktivn\u00ed pro ty, kdo vychov\u00e1vaj\u00ed d\u011bti, a to ve ve\u010dern\u00edch hodin\u00e1ch, tak\u017ee rodi\u010de maj\u00ed mo\u017enost se v p\u00e9\u010di o d\u011bti st\u0159\u00eddat. Nab\u00edz\u00edme tak\u00e9 st\u00e1\u017ee pro absolventy a poskytujeme zdarma z\u00e1zem\u00ed mlad\u00fdm talentovan\u00fdm hudebn\u00edk\u016fm, aby t\u00edmto zp\u016fsobem rozv\u00edjeli sv\u00e9 hudebn\u00ed z\u00e1jmy.<\/p>\n<p>Spole\u010dnost informuje o v\u00fdznamu zdrav\u00e9 rekreace a podporuje bezpe\u010dnou z\u00e1bavu t\u00edm, \u017ee v\u011bnuje zvl\u00e1\u0161tn\u00ed pozornost bezpe\u010dnosti organizovan\u00fdch akc\u00ed.<br \/>\nEnergy 2000 je vybavena nejmodern\u011bj\u0161\u00edm monitorovac\u00edm syst\u00e9mem, kter\u00fd poskytuje p\u0159ehled o v\u0161ech strategick\u00fdch bodech objektu v re\u00e1ln\u00e9m \u010dase. Syst\u00e9m je podpo\u0159en nejmodern\u011bj\u0161\u00edmi inteligentn\u00edmi detektory kov\u016f, kter\u00e9 eliminuj\u00ed mo\u017enost vn\u00e1\u0161en\u00ed nebezpe\u010dn\u00fdch p\u0159edm\u011bt\u016f do klubu, \u010d\u00edm\u017e v\u00fdrazn\u011b zvy\u0161uj\u00ed bezpe\u010dnost na\u0161eho klubu.<\/p>\n<p>Zaji\u0161\u0165ujeme rovn\u00fd p\u0159\u00edstup k z\u00e1bav\u011b pro osoby se zdravotn\u00edm posti\u017een\u00edm: za\u0159\u00edzen\u00ed, toalety jsou p\u0159izp\u016fsobeny pro osoby se zdravotn\u00edm posti\u017een\u00edm. Po\u0159\u00e1d\u00e1me v\u00fdlety pro nevidom\u00e9 a nesly\u0161\u00edc\u00ed osoby s doprovodem, kter\u00e9 se aktivn\u011b \u00fa\u010dastn\u00ed po\u0159\u00e1dan\u00fdch akc\u00ed.<\/p>\n<p>Na\u0161e \u00fasil\u00ed a d\u016fraz na vysok\u00fd standard slu\u017eeb potvrzuj\u00ed mezin\u00e1rodn\u00ed ocen\u011bn\u00ed. <a href=\"\/cs\/klub\/iso-9001\/\">Certifikace ISO 9001<\/a>Certifik\u00e1t vyd\u00e1v\u00e1 nez\u00e1visl\u00e1 instituce a potvrzuje nejvy\u0161\u0161\u00ed \u00farove\u0148 na\u0161ich slu\u017eeb. N\u00e1\u0161 klub z\u00edskal tento certifik\u00e1t jako jeden z m\u00e1la v Polsku, Evrop\u011b a dokonce i na sv\u011bt\u011b.<\/p>","protected":false},"excerpt":{"rendered":"<p>G\u0142\u00f3wne za\u0142o\u017cenia Energy 2000 dotycz\u0105ce realizacji polityki w zakresie zr\u00f3wnowa\u017conego rozwoju JESTE\u015aMY EKO Maj\u0105c \u015bwiadomo\u015b\u0107 skutk\u00f3w oddzia\u0142ywania na \u015brodowisko naturalne i konieczno\u015bci doskonalenia naszych dzia\u0142a\u0144 na rzecz jego ochrony zobowi\u0105zujemy si\u0119 do prowadzenia dzia\u0142alno\u015bci w taki spos\u00f3b, aby zminimalizowa\u0107 szkodliwe &#8230; <a class=\"Rmore tbutton small\" href=\"https:\/\/przytkowice.energy2000.pl\/cs\/klub\/politika-vyvazeneho-socioekonomickeho-rozvoje\/\"><span>Zobacz Wi\u0119cej \u00bb<\/span><\/a><\/p>","protected":false},"author":2,"featured_media":0,"parent":3191,"menu_order":22,"comment_status":"closed","ping_status":"closed","template":"","meta":[],"_links":{"self":[{"href":"https:\/\/przytkowice.energy2000.pl\/cs\/wp-json\/wp\/v2\/pages\/3813"}],"collection":[{"href":"https:\/\/przytkowice.energy2000.pl\/cs\/wp-json\/wp\/v2\/pages"}],"about":[{"href":"https:\/\/przytkowice.energy2000.pl\/cs\/wp-json\/wp\/v2\/types\/page"}],"author":[{"embeddable":true,"href":"https:\/\/przytkowice.energy2000.pl\/cs\/wp-json\/wp\/v2\/users\/2"}],"replies":[{"embeddable":true,"href":"https:\/\/przytkowice.energy2000.pl\/cs\/wp-json\/wp\/v2\/comments?post=3813"}],"version-history":[{"count":1,"href":"https:\/\/przytkowice.energy2000.pl\/cs\/wp-json\/wp\/v2\/pages\/3813\/revisions"}],"predecessor-version":[{"id":3814,"href":"https:\/\/przytkowice.energy2000.pl\/cs\/wp-json\/wp\/v2\/pages\/3813\/revisions\/3814"}],"up":[{"embeddable":true,"href":"https:\/\/przytkowice.energy2000.pl\/cs\/wp-json\/wp\/v2\/pages\/3191"}],"wp:attachment":[{"href":"https:\/\/przytkowice.energy2000.pl\/cs\/wp-json\/wp\/v2\/media?parent=3813"}],"curies":[{"name":"wp","href":"https:\/\/api.w.org\/{rel}","templated":true}]}}