{"id":2870,"date":"2016-08-02T14:16:28","date_gmt":"2016-08-02T12:16:28","guid":{"rendered":"http:\/\/demo-energy2000.pl\/?page_id=2870"},"modified":"2026-04-10T11:05:00","modified_gmt":"2026-04-10T09:05:00","slug":"jak-dojechac","status":"publish","type":"page","link":"https:\/\/przytkowice.energy2000.pl\/de\/verein\/jak-dojechac\/","title":{"rendered":"Wie man dorthin kommt"},"content":{"rendered":"<p style=\"text-align: center;\"><strong>Polecane \u015brodki transportu do klubu ENERGY 2000 PRZYTKOWICE: TAXI &amp; PKP.<\/strong><\/p>\n<div class=\"o9v6fnle cxmmr5t8 oygrvhab hcukyx3x c1et5uql ii04i59q\">\n<div dir=\"auto\">\n<p><strong><a  href=\"https:\/\/przytkowice.energy2000.pl\/wp-content\/uploads\/2023\/11\/13.png\" data-rel=\"plm-lightbox-gallery-0\" data-rl_title=\"\" data-rl_caption=\"\" title=\"\"><img decoding=\"async\" loading=\"lazy\" class=\"aligncenter wp-image-164544 size-large\" src=\"https:\/\/przytkowice.energy2000.pl\/wp-content\/uploads\/2023\/11\/13-1024x576.png\" alt=\"\" width=\"1024\" height=\"576\" \/><\/a><\/strong><\/p>\n<h4 style=\"text-align: center;\"><strong>BUS (9os.) +48 507 073 778<br \/>\nTAXI: <\/strong><strong>+ 48 535 287 587 \/ <\/strong><strong>+48 792 078 218\u00a0\u00a0<\/strong><\/h4>\n<p>&nbsp;<\/p>\n<p><a  href=\"https:\/\/przytkowice.energy2000.pl\/wp-content\/uploads\/2026\/04\/wadowice-1200x900-1.jpg\" data-rel=\"plm-lightbox-gallery-0\" data-rl_title=\"\" data-rl_caption=\"\" title=\"\"><img decoding=\"async\" loading=\"lazy\" class=\"aligncenter wp-image-198841 size-large\" src=\"https:\/\/przytkowice.energy2000.pl\/wp-content\/uploads\/2026\/04\/wadowice-1200x900-1-1024x768.jpg\" alt=\"\" width=\"1024\" height=\"768\" \/><\/a><\/p>\n<p style=\"text-align: center;\"><strong><a  href=\"https:\/\/przytkowice.energy2000.pl\/wp-content\/uploads\/2026\/04\/rozklad-PKP-1200x900-1.jpg\" data-rel=\"plm-lightbox-gallery-0\" data-rl_title=\"\" data-rl_caption=\"\" title=\"\"><img decoding=\"async\" loading=\"lazy\" class=\"aligncenter wp-image-198842 size-large\" src=\"https:\/\/przytkowice.energy2000.pl\/wp-content\/uploads\/2026\/04\/rozklad-PKP-1200x900-1-1024x768.jpg\" alt=\"\" width=\"1024\" height=\"768\" \/><\/a><\/strong><\/p>\n<p>Stacja PKP PRZYTKOWICE jest oddalona od klubu ENERGY 2000 tylko o 1000m (oko\u0142o 10 min. spacerem)<br \/>\n<strong>Link do zakupu bilet\u00f3w: <a href=\"https:\/\/bilety.polregio.pl\/wyniki\/85\/3235\/09-04-2023_19:39\/*\/departure\/all\/all\/c%7C%7C%7Cpax*22**%7Cpax*22**\">LINK<\/a><\/strong><\/p>\n<\/div>\n<\/div>\n<div dir=\"auto\">\n<p>&nbsp;<\/p>\n<p style=\"text-align: center;\">Adres: Przytkowice 532A, 34-141 Przytkowice<br \/>\nLokalizacja GPS: <strong>49\u00b054\u201910.706\u2033N, 19\u00b041\u201935.116\u2033E<br \/>\n<\/strong>Przy klubie znajduj\u0105 si\u0119 dwa bardzo du\u017ce dozorowane i monitorowane parkingi.<\/p>\n<\/div>\n<hr \/>\n<div id=\"flxmap-69fc16d9b852d\" class='flxmap-container' data-flxmap='flxmap_69fc16d9b852d' style=\"width:100%;height:440px;\"><\/div>\n<script data-noptimize=\"1\">\n\/* <![CDATA[ *\/\n(function(w, fn) {\n if (w.addEventListener) w.addEventListener(\"DOMContentLoaded\", fn, false);\n else if (w.attachEvent) w.attachEvent(\"onload\", fn);\n})(window, function() {\n var f = new FlexibleMap();\n f.setlocale(\"de-DE\");\n f.zoom = 10;\n f.showMarker(\"flxmap-69fc16d9b852d\", [49.9029740,19.6930879], [49.9029740,19.6930879]);\n window.flxmap_69fc16d9b852d = f;\n});\n\/* ]]> *\/\n<\/script>\n\n<p>&nbsp;<\/p>","protected":false},"excerpt":{"rendered":"<p>Polecane \u015brodki transportu do klubu ENERGY 2000 PRZYTKOWICE: TAXI &amp; PKP. BUS (9os.) +48 507 073 778 TAXI: + 48 535 287 587 \/ +48 792 078 218\u00a0\u00a0 &nbsp; Stacja PKP PRZYTKOWICE jest oddalona od klubu ENERGY 2000 tylko o &#8230; <a class=\"Rmore tbutton small\" href=\"https:\/\/przytkowice.energy2000.pl\/de\/verein\/jak-dojechac\/\"><span>Mehr sehen \"<\/span><\/a><\/p>","protected":false},"author":1,"featured_media":0,"parent":3191,"menu_order":27,"comment_status":"closed","ping_status":"closed","template":"","meta":[],"_links":{"self":[{"href":"https:\/\/przytkowice.energy2000.pl\/de\/wp-json\/wp\/v2\/pages\/2870"}],"collection":[{"href":"https:\/\/przytkowice.energy2000.pl\/de\/wp-json\/wp\/v2\/pages"}],"about":[{"href":"https:\/\/przytkowice.energy2000.pl\/de\/wp-json\/wp\/v2\/types\/page"}],"author":[{"embeddable":true,"href":"https:\/\/przytkowice.energy2000.pl\/de\/wp-json\/wp\/v2\/users\/1"}],"replies":[{"embeddable":true,"href":"https:\/\/przytkowice.energy2000.pl\/de\/wp-json\/wp\/v2\/comments?post=2870"}],"version-history":[{"count":104,"href":"https:\/\/przytkowice.energy2000.pl\/de\/wp-json\/wp\/v2\/pages\/2870\/revisions"}],"predecessor-version":[{"id":198843,"href":"https:\/\/przytkowice.energy2000.pl\/de\/wp-json\/wp\/v2\/pages\/2870\/revisions\/198843"}],"up":[{"embeddable":true,"href":"https:\/\/przytkowice.energy2000.pl\/de\/wp-json\/wp\/v2\/pages\/3191"}],"wp:attachment":[{"href":"https:\/\/przytkowice.energy2000.pl\/de\/wp-json\/wp\/v2\/media?parent=2870"}],"curies":[{"name":"wp","href":"https:\/\/api.w.org\/{rel}","templated":true}]}}