{"id":148483,"date":"2022-12-02T12:00:28","date_gmt":"2022-12-02T11:00:28","guid":{"rendered":"https:\/\/przytkowice.energy2000.pl\/?page_id=148483"},"modified":"2024-09-12T19:46:06","modified_gmt":"2024-09-12T17:46:06","slug":"dla-biznesu","status":"publish","type":"page","link":"https:\/\/przytkowice.energy2000.pl\/en\/dla-biznesu\/","title":{"rendered":"For Business"},"content":{"rendered":"<h2 style=\"text-align: center;\">Imprezy firmowe w Energy 2000 Przytkowice<\/h2>\n<ul style=\"margin-left: 20px; list-style-type: disc!important;\">\n<li>Imprezy, integracje, wigilie firmowe<\/li>\n<li>Jubileusze<\/li>\n<li>Spotkania biznesowe<\/li>\n<li>Bankiety, prezentacje produktowe oraz wiele innych<\/li>\n<\/ul>\n<p><strong>Dlaczego warto nas wybra\u0107?<\/strong><br \/>\nUrozmaicona przestrze\u0144 klubowa do dyspozycji ponad 2000 m2<\/p>\n<p>3 sale: Sala G\u0142\u00f3wna, Sala VIP, Sala Dance (sale mo\u017cliwe do wynaj\u0119cia pojedynczo lub w dowolnej konfiguracji).<\/p>\n<ul style=\"margin-left: 20px; list-style-type: disc!important;\">\n<li>Profesjonalne zaplecze technologiczne:\n<ul style=\"margin-left: 30px; list-style-type: circle;\">\n<li>o\u015bwietlenie sceniczne,<\/li>\n<li>nag\u0142o\u015bnienie,<\/li>\n<li>systemy multimedialne i ekrany LED<\/li>\n<li>efekty specjalne (wyrzutnie CO2, wyrzutnie ogni scenicznych, pirotechnika sceniczna)<\/li>\n<li>lasery RGB<\/li>\n<li>system ponad 20 TV w ca\u0142ym lokalu<\/li>\n<\/ul>\n<\/li>\n<li>Do\u015bwiadczeni i znani DJ-e<\/li>\n<li>W\u0142asny catering<\/li>\n<li>Dodatkowe atrakcje artystyczne w opcjach (pokazy akrobat\u00f3w, iluzjonist\u00f3w, fire show, LED show etc.)<\/li>\n<li>Do\u015bwiadczona i profesjonalna kadra eventowa<\/li>\n<li>Bezpieczne wej\u015bcia ze stref\u0105 kontroli (detektor metali \/ ta\u015bmy do kontroli )<\/li>\n<li>Szatnia na kilka tysi\u0119cy ubra\u0144<\/li>\n<li>Profesjonalna Ochrona<\/li>\n<li>Backstage dla Gwiazd<\/li>\n<li>Hostessy<\/li>\n<\/ul>\n<p>Mamy wszystko co potrzebne do zorganizowania imprez, kt\u00f3re Twoim wsp\u00f3\u0142pracownikom oraz kontrahentom na d\u0142ugo zapadn\u0105 w pami\u0119ci.<br \/>\nNie czekaj! Skontaktuj si\u0119 ju\u017c dzi\u015b! Zapytaj o termin i podaj szczeg\u00f3\u0142y swojego wydarzenia.<\/p>\n<p><strong>Zapraszamy na wizje lokaln\u0105.<\/strong><\/p>\n<p>&nbsp;<\/p>\n<p>kontakt: <strong>Tomasz Le\u0144ski<br \/>\n<\/strong>mail: <a href=\"mailto:biznes@energy2000.pl\">biznes@energy2000.pl<\/a><\/p>\n<p>&nbsp;<\/p>\n<hr \/>\n<h3>Sala G\u0142\u00f3wna \u2013 Serce Klubu Energy 2000<\/h3>\n<div class=\"plm-simple-gallery\">\n <div class=\"col-md-2 col-sm-4 col-xs-6\"><a class=\"plm-icon-hov\" href=\"https:\/\/przytkowice.energy2000.pl\/wp-content\/uploads\/2022\/12\/2G5A2704-1024x683.jpg\" title=\"\" data-rel=\"plm-lightbox-gallery-cGxtLWxpZ2h0Ym94LWdhbGxlcnktY0d4dExXeHBaMmgwWW05NA==\" data-rl_title=\"\" data-rl_caption=\"\"><figure class=\"effect-bubba\">\n                <img src=\"https:\/\/przytkowice.energy2000.pl\/wp-content\/uploads\/2022\/12\/2G5A2704-330x220.jpg\" alt=\"\" \/>\n                     <figcaption>\n                        <i class=\"fa fa-plus\"><\/i>\n                        <p><\/p>\n                     <\/figcaption>\n                      \n            <\/figure><\/a><\/div> <div class=\"col-md-2 col-sm-4 col-xs-6\"><a class=\"plm-icon-hov\" href=\"https:\/\/przytkowice.energy2000.pl\/wp-content\/uploads\/2022\/12\/2G5A2533-1024x683.jpg\" title=\"\" data-rel=\"plm-lightbox-gallery-cGxtLWxpZ2h0Ym94LWdhbGxlcnktY0d4dExXeHBaMmgwWW05NA==\" data-rl_title=\"\" data-rl_caption=\"\"><figure class=\"effect-bubba\">\n                <img src=\"https:\/\/przytkowice.energy2000.pl\/wp-content\/uploads\/2022\/12\/2G5A2533-330x220.jpg\" alt=\"\" \/>\n                     <figcaption>\n                        <i class=\"fa fa-plus\"><\/i>\n                        <p><\/p>\n                     <\/figcaption>\n                      \n            <\/figure><\/a><\/div> <div class=\"col-md-2 col-sm-4 col-xs-6\"><a class=\"plm-icon-hov\" href=\"https:\/\/przytkowice.energy2000.pl\/wp-content\/uploads\/2022\/12\/2G5A2536-1024x683.jpg\" title=\"\" data-rel=\"plm-lightbox-gallery-cGxtLWxpZ2h0Ym94LWdhbGxlcnktY0d4dExXeHBaMmgwWW05NA==\" data-rl_title=\"\" data-rl_caption=\"\"><figure class=\"effect-bubba\">\n                <img src=\"https:\/\/przytkowice.energy2000.pl\/wp-content\/uploads\/2022\/12\/2G5A2536-330x220.jpg\" alt=\"\" \/>\n                     <figcaption>\n                        <i class=\"fa fa-plus\"><\/i>\n                        <p><\/p>\n                     <\/figcaption>\n                      \n            <\/figure><\/a><\/div> <div class=\"col-md-2 col-sm-4 col-xs-6\"><a class=\"plm-icon-hov\" href=\"https:\/\/przytkowice.energy2000.pl\/wp-content\/uploads\/2022\/12\/2G5A2537-1024x683.jpg\" title=\"\" data-rel=\"plm-lightbox-gallery-cGxtLWxpZ2h0Ym94LWdhbGxlcnktY0d4dExXeHBaMmgwWW05NA==\" data-rl_title=\"\" data-rl_caption=\"\"><figure class=\"effect-bubba\">\n                <img src=\"https:\/\/przytkowice.energy2000.pl\/wp-content\/uploads\/2022\/12\/2G5A2537-330x220.jpg\" alt=\"\" \/>\n                     <figcaption>\n                        <i class=\"fa fa-plus\"><\/i>\n                        <p><\/p>\n                     <\/figcaption>\n                      \n            <\/figure><\/a><\/div> <div class=\"col-md-2 col-sm-4 col-xs-6\"><a class=\"plm-icon-hov\" href=\"https:\/\/przytkowice.energy2000.pl\/wp-content\/uploads\/2022\/12\/2G5A2538-1024x683.jpg\" title=\"\" data-rel=\"plm-lightbox-gallery-cGxtLWxpZ2h0Ym94LWdhbGxlcnktY0d4dExXeHBaMmgwWW05NA==\" data-rl_title=\"\" data-rl_caption=\"\"><figure class=\"effect-bubba\">\n                <img src=\"https:\/\/przytkowice.energy2000.pl\/wp-content\/uploads\/2022\/12\/2G5A2538-330x220.jpg\" alt=\"\" \/>\n                     <figcaption>\n                        <i class=\"fa fa-plus\"><\/i>\n                        <p><\/p>\n                     <\/figcaption>\n                      \n            <\/figure><\/a><\/div> <div class=\"col-md-2 col-sm-4 col-xs-6\"><a class=\"plm-icon-hov\" href=\"https:\/\/przytkowice.energy2000.pl\/wp-content\/uploads\/2022\/12\/2G5A2582-1024x683.jpg\" title=\"\" data-rel=\"plm-lightbox-gallery-cGxtLWxpZ2h0Ym94LWdhbGxlcnktY0d4dExXeHBaMmgwWW05NA==\" data-rl_title=\"\" data-rl_caption=\"\"><figure class=\"effect-bubba\">\n                <img src=\"https:\/\/przytkowice.energy2000.pl\/wp-content\/uploads\/2022\/12\/2G5A2582-330x220.jpg\" alt=\"\" \/>\n                     <figcaption>\n                        <i class=\"fa fa-plus\"><\/i>\n                        <p><\/p>\n                     <\/figcaption>\n                      \n            <\/figure><\/a><\/div><\/div>\n<hr \/>\n<h3>Sala Dance<\/h3>\n<div class=\"plm-simple-gallery\">\n <div class=\"col-md-2 col-sm-4 col-xs-6\"><a class=\"plm-icon-hov\" href=\"https:\/\/przytkowice.energy2000.pl\/wp-content\/uploads\/2022\/12\/2G5A2614-1024x683.jpg\" title=\"\" data-rel=\"plm-lightbox-gallery-cGxtLWxpZ2h0Ym94LWdhbGxlcnktY0d4dExXeHBaMmgwWW05NA==\" data-rl_title=\"\" data-rl_caption=\"\"><figure class=\"effect-bubba\">\n                <img src=\"https:\/\/przytkowice.energy2000.pl\/wp-content\/uploads\/2022\/12\/2G5A2614-330x220.jpg\" alt=\"\" \/>\n                     <figcaption>\n                        <i class=\"fa fa-plus\"><\/i>\n                        <p><\/p>\n                     <\/figcaption>\n                      \n            <\/figure><\/a><\/div> <div class=\"col-md-2 col-sm-4 col-xs-6\"><a class=\"plm-icon-hov\" href=\"https:\/\/przytkowice.energy2000.pl\/wp-content\/uploads\/2022\/12\/2G5A2617-1024x683.jpg\" title=\"\" data-rel=\"plm-lightbox-gallery-cGxtLWxpZ2h0Ym94LWdhbGxlcnktY0d4dExXeHBaMmgwWW05NA==\" data-rl_title=\"\" data-rl_caption=\"\"><figure class=\"effect-bubba\">\n                <img src=\"https:\/\/przytkowice.energy2000.pl\/wp-content\/uploads\/2022\/12\/2G5A2617-330x220.jpg\" alt=\"\" \/>\n                     <figcaption>\n                        <i class=\"fa fa-plus\"><\/i>\n                        <p><\/p>\n                     <\/figcaption>\n                      \n            <\/figure><\/a><\/div> <div class=\"col-md-2 col-sm-4 col-xs-6\"><a class=\"plm-icon-hov\" href=\"https:\/\/przytkowice.energy2000.pl\/wp-content\/uploads\/2022\/12\/2G5A2618-1024x683.jpg\" title=\"\" data-rel=\"plm-lightbox-gallery-cGxtLWxpZ2h0Ym94LWdhbGxlcnktY0d4dExXeHBaMmgwWW05NA==\" data-rl_title=\"\" data-rl_caption=\"\"><figure class=\"effect-bubba\">\n                <img src=\"https:\/\/przytkowice.energy2000.pl\/wp-content\/uploads\/2022\/12\/2G5A2618-330x220.jpg\" alt=\"\" \/>\n                     <figcaption>\n                        <i class=\"fa fa-plus\"><\/i>\n                        <p><\/p>\n                     <\/figcaption>\n                      \n            <\/figure><\/a><\/div> <div class=\"col-md-2 col-sm-4 col-xs-6\"><a class=\"plm-icon-hov\" href=\"https:\/\/przytkowice.energy2000.pl\/wp-content\/uploads\/2022\/12\/2G5A2628-1024x683.jpg\" title=\"\" data-rel=\"plm-lightbox-gallery-cGxtLWxpZ2h0Ym94LWdhbGxlcnktY0d4dExXeHBaMmgwWW05NA==\" data-rl_title=\"\" data-rl_caption=\"\"><figure class=\"effect-bubba\">\n                <img src=\"https:\/\/przytkowice.energy2000.pl\/wp-content\/uploads\/2022\/12\/2G5A2628-330x220.jpg\" alt=\"\" \/>\n                     <figcaption>\n                        <i class=\"fa fa-plus\"><\/i>\n                        <p><\/p>\n                     <\/figcaption>\n                      \n            <\/figure><\/a><\/div> <div class=\"col-md-2 col-sm-4 col-xs-6\"><a class=\"plm-icon-hov\" href=\"https:\/\/przytkowice.energy2000.pl\/wp-content\/uploads\/2022\/12\/2G5A2627-1024x683.jpg\" title=\"\" data-rel=\"plm-lightbox-gallery-cGxtLWxpZ2h0Ym94LWdhbGxlcnktY0d4dExXeHBaMmgwWW05NA==\" data-rl_title=\"\" data-rl_caption=\"\"><figure class=\"effect-bubba\">\n                <img src=\"https:\/\/przytkowice.energy2000.pl\/wp-content\/uploads\/2022\/12\/2G5A2627-330x220.jpg\" alt=\"\" \/>\n                     <figcaption>\n                        <i class=\"fa fa-plus\"><\/i>\n                        <p><\/p>\n                     <\/figcaption>\n                      \n            <\/figure><\/a><\/div> <div class=\"col-md-2 col-sm-4 col-xs-6\"><a class=\"plm-icon-hov\" href=\"https:\/\/przytkowice.energy2000.pl\/wp-content\/uploads\/2022\/12\/2G5A2635-1024x683.jpg\" title=\"\" data-rel=\"plm-lightbox-gallery-cGxtLWxpZ2h0Ym94LWdhbGxlcnktY0d4dExXeHBaMmgwWW05NA==\" data-rl_title=\"\" data-rl_caption=\"\"><figure class=\"effect-bubba\">\n                <img src=\"https:\/\/przytkowice.energy2000.pl\/wp-content\/uploads\/2022\/12\/2G5A2635-330x220.jpg\" alt=\"\" \/>\n                     <figcaption>\n                        <i class=\"fa fa-plus\"><\/i>\n                        <p><\/p>\n                     <\/figcaption>\n                      \n            <\/figure><\/a><\/div><\/div>\n<hr \/>\n<h3>Sala VIP<\/h3>\n<div class=\"plm-simple-gallery\">\n <div class=\"col-md-2 col-sm-4 col-xs-6\"><a class=\"plm-icon-hov\" href=\"https:\/\/przytkowice.energy2000.pl\/wp-content\/uploads\/2022\/12\/2G5A2672-1024x683.jpg\" title=\"\" data-rel=\"plm-lightbox-gallery-cGxtLWxpZ2h0Ym94LWdhbGxlcnktY0d4dExXeHBaMmgwWW05NA==\" data-rl_title=\"\" data-rl_caption=\"\"><figure class=\"effect-bubba\">\n                <img src=\"https:\/\/przytkowice.energy2000.pl\/wp-content\/uploads\/2022\/12\/2G5A2672-330x220.jpg\" alt=\"\" \/>\n                     <figcaption>\n                        <i class=\"fa fa-plus\"><\/i>\n                        <p><\/p>\n                     <\/figcaption>\n                      \n            <\/figure><\/a><\/div> <div class=\"col-md-2 col-sm-4 col-xs-6\"><a class=\"plm-icon-hov\" href=\"https:\/\/przytkowice.energy2000.pl\/wp-content\/uploads\/2022\/12\/2G5A2679-1024x683.jpg\" title=\"\" data-rel=\"plm-lightbox-gallery-cGxtLWxpZ2h0Ym94LWdhbGxlcnktY0d4dExXeHBaMmgwWW05NA==\" data-rl_title=\"\" data-rl_caption=\"\"><figure class=\"effect-bubba\">\n                <img src=\"https:\/\/przytkowice.energy2000.pl\/wp-content\/uploads\/2022\/12\/2G5A2679-330x220.jpg\" alt=\"\" \/>\n                     <figcaption>\n                        <i class=\"fa fa-plus\"><\/i>\n                        <p><\/p>\n                     <\/figcaption>\n                      \n            <\/figure><\/a><\/div> <div class=\"col-md-2 col-sm-4 col-xs-6\"><a class=\"plm-icon-hov\" href=\"https:\/\/przytkowice.energy2000.pl\/wp-content\/uploads\/2022\/12\/2G5A2680-1024x683.jpg\" title=\"\" data-rel=\"plm-lightbox-gallery-cGxtLWxpZ2h0Ym94LWdhbGxlcnktY0d4dExXeHBaMmgwWW05NA==\" data-rl_title=\"\" data-rl_caption=\"\"><figure class=\"effect-bubba\">\n                <img src=\"https:\/\/przytkowice.energy2000.pl\/wp-content\/uploads\/2022\/12\/2G5A2680-330x220.jpg\" alt=\"\" \/>\n                     <figcaption>\n                        <i class=\"fa fa-plus\"><\/i>\n                        <p><\/p>\n                     <\/figcaption>\n                      \n            <\/figure><\/a><\/div> <div class=\"col-md-2 col-sm-4 col-xs-6\"><a class=\"plm-icon-hov\" href=\"https:\/\/przytkowice.energy2000.pl\/wp-content\/uploads\/2022\/12\/2G5A2683-1024x683.jpg\" title=\"\" data-rel=\"plm-lightbox-gallery-cGxtLWxpZ2h0Ym94LWdhbGxlcnktY0d4dExXeHBaMmgwWW05NA==\" data-rl_title=\"\" data-rl_caption=\"\"><figure class=\"effect-bubba\">\n                <img src=\"https:\/\/przytkowice.energy2000.pl\/wp-content\/uploads\/2022\/12\/2G5A2683-330x220.jpg\" alt=\"\" \/>\n                     <figcaption>\n                        <i class=\"fa fa-plus\"><\/i>\n                        <p><\/p>\n                     <\/figcaption>\n                      \n            <\/figure><\/a><\/div> <div class=\"col-md-2 col-sm-4 col-xs-6\"><a class=\"plm-icon-hov\" href=\"https:\/\/przytkowice.energy2000.pl\/wp-content\/uploads\/2022\/12\/2G5A2689-1024x683.jpg\" title=\"\" data-rel=\"plm-lightbox-gallery-cGxtLWxpZ2h0Ym94LWdhbGxlcnktY0d4dExXeHBaMmgwWW05NA==\" data-rl_title=\"\" data-rl_caption=\"\"><figure class=\"effect-bubba\">\n                <img src=\"https:\/\/przytkowice.energy2000.pl\/wp-content\/uploads\/2022\/12\/2G5A2689-330x220.jpg\" alt=\"\" \/>\n                     <figcaption>\n                        <i class=\"fa fa-plus\"><\/i>\n                        <p><\/p>\n                     <\/figcaption>\n                      \n            <\/figure><\/a><\/div> <div class=\"col-md-2 col-sm-4 col-xs-6\"><a class=\"plm-icon-hov\" href=\"https:\/\/przytkowice.energy2000.pl\/wp-content\/uploads\/2022\/12\/2G5A2693-1024x683.jpg\" title=\"\" data-rel=\"plm-lightbox-gallery-cGxtLWxpZ2h0Ym94LWdhbGxlcnktY0d4dExXeHBaMmgwWW05NA==\" data-rl_title=\"\" data-rl_caption=\"\"><figure class=\"effect-bubba\">\n                <img src=\"https:\/\/przytkowice.energy2000.pl\/wp-content\/uploads\/2022\/12\/2G5A2693-330x220.jpg\" alt=\"\" \/>\n                     <figcaption>\n                        <i class=\"fa fa-plus\"><\/i>\n                        <p><\/p>\n                     <\/figcaption>\n                      \n            <\/figure><\/a><\/div><\/div>\n<p>&nbsp;<\/p>","protected":false},"excerpt":{"rendered":"<p>Imprezy firmowe w Energy 2000 Przytkowice Imprezy, integracje, wigilie firmowe Jubileusze Spotkania biznesowe Bankiety, prezentacje produktowe oraz wiele innych Dlaczego warto nas wybra\u0107? Urozmaicona przestrze\u0144 klubowa do dyspozycji ponad 2000 m2 3 sale: Sala G\u0142\u00f3wna, Sala VIP, Sala Dance (sale &#8230; <a class=\"Rmore tbutton small\" href=\"https:\/\/przytkowice.energy2000.pl\/en\/dla-biznesu\/\"><span>See More \"<\/span><\/a><\/p>","protected":false},"author":2,"featured_media":0,"parent":0,"menu_order":3,"comment_status":"closed","ping_status":"closed","template":"page-col-12.php","meta":[],"_links":{"self":[{"href":"https:\/\/przytkowice.energy2000.pl\/en\/wp-json\/wp\/v2\/pages\/148483"}],"collection":[{"href":"https:\/\/przytkowice.energy2000.pl\/en\/wp-json\/wp\/v2\/pages"}],"about":[{"href":"https:\/\/przytkowice.energy2000.pl\/en\/wp-json\/wp\/v2\/types\/page"}],"author":[{"embeddable":true,"href":"https:\/\/przytkowice.energy2000.pl\/en\/wp-json\/wp\/v2\/users\/2"}],"replies":[{"embeddable":true,"href":"https:\/\/przytkowice.energy2000.pl\/en\/wp-json\/wp\/v2\/comments?post=148483"}],"version-history":[{"count":20,"href":"https:\/\/przytkowice.energy2000.pl\/en\/wp-json\/wp\/v2\/pages\/148483\/revisions"}],"predecessor-version":[{"id":177206,"href":"https:\/\/przytkowice.energy2000.pl\/en\/wp-json\/wp\/v2\/pages\/148483\/revisions\/177206"}],"wp:attachment":[{"href":"https:\/\/przytkowice.energy2000.pl\/en\/wp-json\/wp\/v2\/media?parent=148483"}],"curies":[{"name":"wp","href":"https:\/\/api.w.org\/{rel}","templated":true}]}}