{"id":750,"date":"2014-07-26T17:18:20","date_gmt":"2014-07-26T15:18:20","guid":{"rendered":"http:\/\/theme20.com\/remix\/?page_id=13"},"modified":"2025-04-19T00:45:03","modified_gmt":"2025-04-18T22:45:03","slug":"kontakt","status":"publish","type":"page","link":"https:\/\/przytkowice.energy2000.pl\/en\/contact\/","title":{"rendered":"Contact"},"content":{"rendered":"<div  class=\"clearfix T20-row dark\" ><div class=\"wpb_column vc_column_container vc_col-sm-12\"><div class=\"vc_column-inner\"><div class=\"wpb_wrapper\">\n\t<div class=\"wpb_text_column wpb_content_element  vc_custom_1668683609780\">\n\t\t<div class=\"wpb_wrapper\">\n\t\t\t<p><iframe loading=\"lazy\" style=\"border: 0;\" src=\"https:\/\/www.google.com\/maps\/embed?pb=!1m18!1m12!1m3!1d2569.7778441604087!2d19.690893951349874!3d49.90297397930255!2m3!1f0!2f0!3f0!3m2!1i1024!2i768!4f13.1!3m3!1m2!1s0x4716617b50d66b81%3A0xfe9b46d5dce97858!2sEnergy%202000%20Przytkowice!5e0!3m2!1spl!2spl!4v1668683589767!5m2!1spl!2spl\" width=\"100%\" height=\"440\" allowfullscreen=\"allowfullscreen\"><\/iframe><\/p>\n\n\t\t<\/div>\n\t<\/div>\n<\/div><\/div><\/div><\/div><div  class=\"clearfix T20-row dark\" ><div class=\"wpb_column vc_column_container vc_col-sm-8\"><div class=\"vc_column-inner vc_custom_1470302793954\"><div class=\"wpb_wrapper\"><h3 style=\"text-align: left\" class=\"vc_custom_heading\">Contact us<\/h3>\n<div class=\"wpcf7 no-js\" id=\"wpcf7-f27-o1\" lang=\"pl-PL\" dir=\"ltr\">\n<div class=\"screen-reader-response\"><p role=\"status\" aria-live=\"polite\" aria-atomic=\"true\"><\/p> <ul><\/ul><\/div>\n<form action=\"\/en\/wp-json\/wp\/v2\/pages\/750#wpcf7-f27-o1\" method=\"post\" class=\"wpcf7-form init\" aria-label=\"Formularz kontaktowy\" novalidate=\"novalidate\" data-status=\"init\" data-trp-original-action=\"\/en\/wp-json\/wp\/v2\/pages\/750#wpcf7-f27-o1\">\n<div style=\"display: none;\">\n<input type=\"hidden\" name=\"_wpcf7\" value=\"27\" \/>\n<input type=\"hidden\" name=\"_wpcf7_version\" value=\"5.7.3\" \/>\n<input type=\"hidden\" name=\"_wpcf7_locale\" value=\"pl_PL\" \/>\n<input type=\"hidden\" name=\"_wpcf7_unit_tag\" value=\"wpcf7-f27-o1\" \/>\n<input type=\"hidden\" name=\"_wpcf7_container_post\" value=\"0\" \/>\n<input type=\"hidden\" name=\"_wpcf7_posted_data_hash\" value=\"\" \/>\n<input type=\"hidden\" name=\"_wpcf7_recaptcha_response\" value=\"\" \/>\n<\/div>\n<p><span class=\"wpcf7-form-control-wrap\" data-name=\"your-name\"><input size=\"40\" class=\"wpcf7-form-control wpcf7-text wpcf7-validates-as-required\" aria-required=\"true\" aria-invalid=\"false\" placeholder=\"Name *\" value=\"\" type=\"text\" name=\"your-name\" \/><\/span>\n<\/p>\n<p><span class=\"wpcf7-form-control-wrap\" data-name=\"your-email\"><input size=\"40\" class=\"wpcf7-form-control wpcf7-text wpcf7-email wpcf7-validates-as-required wpcf7-validates-as-email\" aria-required=\"true\" aria-invalid=\"false\" placeholder=\"E-mail *\" value=\"\" type=\"email\" name=\"your-email\" \/><\/span>\n<\/p>\n<p><span class=\"wpcf7-form-control-wrap\" data-name=\"your-message\"><textarea cols=\"40\" rows=\"10\" class=\"wpcf7-form-control wpcf7-textarea\" aria-invalid=\"false\" placeholder=\"Leave a message *\" name=\"your-message\"><\/textarea><\/span>\n<\/p>\n<p><input class=\"wpcf7-form-control has-spinner wpcf7-submit tbutton\" type=\"submit\" value=\"Send\" \/>\n<\/p><div class=\"wpcf7-response-output\" aria-hidden=\"true\"><\/div>\n<input type=\"hidden\" name=\"trp-form-language\" value=\"en\"\/><\/form>\n<\/div>\n<\/div><\/div><\/div><div class=\"wpb_column vc_column_container vc_col-sm-4\"><div class=\"vc_column-inner vc_custom_1470302798011\"><div class=\"wpb_wrapper\">\n\t<div class=\"wpb_single_image wpb_content_element vc_align_left  vc_custom_1515496373403\">\n\t\t\n\t\t<figure class=\"wpb_wrapper vc_figure\">\n\t\t\t<div class=\"vc_single_image-wrapper   vc_box_border_grey\"><img class=\"vc_single_image-img\" src=\"https:\/\/przytkowice.energy2000.pl\/wp-content\/uploads\/2014\/07\/e2000-logo-web-4-243x27.png\" width=\"243\" height=\"27\" alt=\"e2000-logo-web-4\" title=\"e2000-logo-web-4\" \/><\/div>\n\t\t<\/figure>\n\t<\/div>\n\n\t<div class=\"wpb_raw_code wpb_content_element wpb_raw_html\">\n\t\t<div class=\"wpb_wrapper\">\n\t\t\t<div class=\"social with_color clearfix\">\n\n<a rel=\"nofollow\" class=\"toptip\" href=\"https:\/\/twitter.com\/Energy2000Przyt\" target=\"_blank\" original-title=\"\u015aled\u017a nas na Twitterze\"><i class=\"fa fa-twitter\"><\/i><\/a>\n\n<a rel=\"nofollow\" class=\"toptip\" href=\"https:\/\/www.facebook.com\/energy2000przytkowice\/\" target=\"_blank\" original-title=\"Polub nas na Facebook\"><i class=\"fa fa-facebook\"><\/i><\/a>\n\n<a rel=\"nofollow\" class=\"toptip\" href=\"https:\/\/www.instagram.com\/energy2000_przytkowice\/\" target=\"_blank\" original-title=\"\u015aled\u017a nas na Instagramie\"><i class=\"fa fa-instagram\"><\/i><\/a>\n\n<a rel=\"nofollow\" class=\"toptip\" href=\"https:\/\/www.youtube.com\/user\/energy2000official\/\" target=\"_blank\" original-title=\"Subskrybuj nasz kana\u0142 Youtube\"><i class=\"fa fa-youtube\"><\/i><\/a>\n\n<a rel=\"nofollow\" class=\"toptip\" href=\"https:\/\/www.snapchat.com\/add\/energy2000przyt\" target=\"_blank\" original-title=\"Dodaj nas na Snapchat\"><i class=\"fa fa-snapchat\"><\/i><\/a>\n\t\t\t\t\t\t\n<\/div>\n\t\t<\/div>\n\t<\/div>\n<div class=\"vc_tta-container\" data-vc-action=\"collapse\"><div class=\"vc_general vc_tta vc_tta-accordion vc_tta-color-blue vc_tta-style-outline vc_tta-shape-square vc_tta-o-shape-group vc_tta-controls-align-left vc_tta-o-no-fill\"><div class=\"vc_tta-panels-container\"><div class=\"vc_tta-panels\"><div class=\"vc_tta-panel vc_active\" id=\"1468573490226-3b700a8d-a1aa\" data-vc-content=\".vc_tta-panel-body\"><div class=\"vc_tta-panel-heading\"><h4 class=\"vc_tta-panel-title vc_tta-controls-icon-position-left\"><a href=\"#1468573490226-3b700a8d-a1aa\" data-vc-accordion data-vc-container=\".vc_tta-container\"><span class=\"vc_tta-title-text\">Office<\/span><i class=\"vc_tta-controls-icon vc_tta-controls-icon-chevron\"><\/i><\/a><\/h4><\/div><div class=\"vc_tta-panel-body\">\n\t<div class=\"wpb_text_column wpb_content_element\">\n\t\t<div class=\"wpb_wrapper\">\n\t\t\t<p>Office open Mon-Fri 8:00 - 16:00<br \/>\nAddress: Przytkowice 532A<br \/>\nTown: 34-141 Przytkowice<br \/>\nTel. +48 33 876 88 12<br \/>\nMail: <a href=\"mailto:biuro@energy2000.pl\">biuro@energy2000.pl<\/a><\/p>\n\n\t\t<\/div>\n\t<\/div>\n<\/div><\/div><div class=\"vc_tta-panel\" id=\"1468573490320-89969046-7dae\" data-vc-content=\".vc_tta-panel-body\"><div class=\"vc_tta-panel-heading\"><h4 class=\"vc_tta-panel-title vc_tta-controls-icon-position-left\"><a href=\"#1468573490320-89969046-7dae\" data-vc-accordion data-vc-container=\".vc_tta-container\"><span class=\"vc_tta-title-text\">Disco<\/span><i class=\"vc_tta-controls-icon vc_tta-controls-icon-chevron\"><\/i><\/a><\/h4><\/div><div class=\"vc_tta-panel-body\">\n\t<div class=\"wpb_text_column wpb_content_element\">\n\t\t<div class=\"wpb_wrapper\">\n\t\t\t<p style=\"font-size: 14px;\">Open Friday and Saturday from 9pm<br \/>\nAddress: Przytkowice 532A<br \/>\nTown: 34-141 Przytkowice<br \/>\nTel. +48 33 876 88 12<br \/>\nMail: <a href=\"mailto:biuro@energy2000.pl\">biuro@energy2000.pl<\/a><\/p>\n\n\t\t<\/div>\n\t<\/div>\n<\/div><\/div><div class=\"vc_tta-panel\" id=\"1468573547102-2472c71f-aa81\" data-vc-content=\".vc_tta-panel-body\"><div class=\"vc_tta-panel-heading\"><h4 class=\"vc_tta-panel-title vc_tta-controls-icon-position-left\"><a href=\"#1468573547102-2472c71f-aa81\" data-vc-accordion data-vc-container=\".vc_tta-container\"><span class=\"vc_tta-title-text\">Manager<\/span><i class=\"vc_tta-controls-icon vc_tta-controls-icon-chevron\"><\/i><\/a><\/h4><\/div><div class=\"vc_tta-panel-body\">\n\t<div class=\"wpb_text_column wpb_content_element\">\n\t\t<div class=\"wpb_wrapper\">\n\t\t\t<p style=\"text-align: left;\">Tomasz Lensky \/ Dj Thomas<br \/>\nMail: <a href=\"mailto:thomas@energy2000.pl\">thomas@energy2000.pl<\/a><\/p>\n\n\t\t<\/div>\n\t<\/div>\n<\/div><\/div><div class=\"vc_tta-panel\" id=\"1500021686364-61ab8f5d-c372\" data-vc-content=\".vc_tta-panel-body\"><div class=\"vc_tta-panel-heading\"><h4 class=\"vc_tta-panel-title vc_tta-controls-icon-position-left\"><a href=\"#1500021686364-61ab8f5d-c372\" data-vc-accordion data-vc-container=\".vc_tta-container\"><span class=\"vc_tta-title-text\">Reservations<\/span><i class=\"vc_tta-controls-icon vc_tta-controls-icon-chevron\"><\/i><\/a><\/h4><\/div><div class=\"vc_tta-panel-body\">\n\t<div class=\"wpb_text_column wpb_content_element\">\n\t\t<div class=\"wpb_wrapper\">\n\t\t\t<p><strong>ONLINE BOOKING:<\/strong> via our website: <a href=\"https:\/\/przytkowice.energy2000.pl\/en\/tickets\/\" target=\"_blank\" rel=\"noopener noreferrer\">book<\/a>.<\/p>\n\n\t\t<\/div>\n\t<\/div>\n<\/div><\/div><div class=\"vc_tta-panel\" id=\"1633599235784-26b60fd2-8199\" data-vc-content=\".vc_tta-panel-body\"><div class=\"vc_tta-panel-heading\"><h4 class=\"vc_tta-panel-title vc_tta-controls-icon-position-left\"><a href=\"#1633599235784-26b60fd2-8199\" data-vc-accordion data-vc-container=\".vc_tta-container\"><span class=\"vc_tta-title-text\">Company data<\/span><i class=\"vc_tta-controls-icon vc_tta-controls-icon-chevron\"><\/i><\/a><\/h4><\/div><div class=\"vc_tta-panel-body\">\n\t<div class=\"wpb_text_column wpb_content_element\">\n\t\t<div class=\"wpb_wrapper\">\n\t\t\t<p>E2K PRZYTKOWICE SP. Z O.O.<br \/>\nPrzytkowice 532a<br \/>\n34-141 Przytkowice<br \/>\nNIP 5512665076<br \/>\nREGON 528057712<br \/>\nKRS 0001093374<\/p>\n\n\t\t<\/div>\n\t<\/div>\n<\/div><\/div><\/div><\/div><\/div><\/div><\/div><\/div><\/div><\/div><div  class=\"clearfix T20-row dark\" ><div class=\"wpb_column vc_column_container vc_col-sm-12\"><div class=\"vc_column-inner\"><div class=\"wpb_wrapper\"><\/div><\/div><\/div><\/div>","protected":false},"excerpt":{"rendered":"Skontaktuj si\u0119 z nami Biuro Biuro czynne pn.-pt. 8:00 - 16:00 Adres: Przytkowice 532A Miejscowo\u015b\u0107: 34-141 Przytkowice Tel. +48 33\u00a0876 88 12 Mail: biuro@energy2000.pl Dyskoteka Czynne pi\u0105tek i sobot\u0119 od godz. 21:00 Adres: Przytkowice 532A Miejscowo\u015b\u0107: 34-141 Przytkowice Tel. +48 ... <a class=\"Rmore tbutton small\" href=\"https:\/\/przytkowice.energy2000.pl\/en\/contact\/\"><span>See More \"<\/span><\/a>","protected":false},"author":1,"featured_media":0,"parent":0,"menu_order":35,"comment_status":"closed","ping_status":"closed","template":"page-col-12.php","meta":[],"_links":{"self":[{"href":"https:\/\/przytkowice.energy2000.pl\/en\/wp-json\/wp\/v2\/pages\/750"}],"collection":[{"href":"https:\/\/przytkowice.energy2000.pl\/en\/wp-json\/wp\/v2\/pages"}],"about":[{"href":"https:\/\/przytkowice.energy2000.pl\/en\/wp-json\/wp\/v2\/types\/page"}],"author":[{"embeddable":true,"href":"https:\/\/przytkowice.energy2000.pl\/en\/wp-json\/wp\/v2\/users\/1"}],"replies":[{"embeddable":true,"href":"https:\/\/przytkowice.energy2000.pl\/en\/wp-json\/wp\/v2\/comments?post=750"}],"version-history":[{"count":91,"href":"https:\/\/przytkowice.energy2000.pl\/en\/wp-json\/wp\/v2\/pages\/750\/revisions"}],"predecessor-version":[{"id":186542,"href":"https:\/\/przytkowice.energy2000.pl\/en\/wp-json\/wp\/v2\/pages\/750\/revisions\/186542"}],"wp:attachment":[{"href":"https:\/\/przytkowice.energy2000.pl\/en\/wp-json\/wp\/v2\/media?parent=750"}],"curies":[{"name":"wp","href":"https:\/\/api.w.org\/{rel}","templated":true}]}}