{"id":3797,"date":"2017-04-11T13:55:31","date_gmt":"2017-04-11T11:55:31","guid":{"rendered":"http:\/\/k.energy2000.pl\/?page_id=3797"},"modified":"2025-02-21T16:03:58","modified_gmt":"2025-02-21T15:03:58","slug":"regulamin","status":"publish","type":"page","link":"https:\/\/przytkowice.energy2000.pl\/sk\/klub\/predpisy\/","title":{"rendered":"Predpisy"},"content":{"rendered":"<p>- <a href=\"https:\/\/przytkowice.energy2000.pl\/wp-content\/uploads\/2022\/04\/3.-Polityka-prywatno\u015bci-strony.pdf\" target=\"_blank\" rel=\"noopener noreferrer\">z\u00e1sady ochrany osobn\u00fdch \u00fadajov slu\u017eby<\/a><\/p>\n<p>- <a href=\"https:\/\/przytkowice.energy2000.pl\/wp-content\/uploads\/2022\/04\/2.-Polityka-prywatno\u015bci-klubu-Energy-2000-Przytkowice-2022.pdf\" target=\"_blank\" rel=\"noopener noreferrer\">z\u00e1sady ochrany osobn\u00fdch \u00fadajov klubu Energy 2000 Przytkowice<\/a><\/p>\n<p>- <a href=\"https:\/\/przytkowice.energy2000.pl\/wp-content\/uploads\/2022\/04\/4.-Regulamin-COVID-Energy-2000-Przytkowice-sprzeda\u017c-i-wst\u0119p.pdf\" target=\"_blank\" rel=\"noopener noreferrer\">Predpisy COVID Energy 2000 Przytkowice<\/a><\/p>\n<p>- <a href=\"https:\/\/przytkowice.energy2000.pl\/wp-content\/uploads\/2022\/04\/1.-Regulamin-klubu-Energy-2000-Przytkowice-2022.pdf\" target=\"_blank\" rel=\"noopener noreferrer\">Pravidl\u00e1 klubu Energy 2000 Przytkowice<\/a><\/p>\n<p>- <a href=\"https:\/\/przytkowice.energy2000.pl\/wp-content\/uploads\/2022\/04\/5.-Regulamin-sprzeda\u017cy-bilet\u00f3w-Energy-2000-Przytkowice.pdf\" target=\"_blank\" rel=\"noopener noreferrer\">Podmienky predaja Energy 2000 Przytkowice<\/a><\/p>\n<p>- <a href=\"https:\/\/drescode.energy2000.pl\/dc.pdf\" target=\"_blank\" rel=\"noopener noreferrer\">pravidl\u00e1 obliekania v klube Energy 2000 <\/a><\/p>\n<p>-<a href=\"https:\/\/www.przytkowice.energy2000.pl\/ARAS\/REGULAMIN_VOUCHERY\/regulamin_vouchery_przytkowice.pdf\" target=\"_blank\" rel=\"noopener\"> regulamin voucher\u00f3w<\/a><\/p>","protected":false},"excerpt":{"rendered":"<p>\u2022 polityka prywatno\u015bci serwisu \u2022 polityka prywatno\u015bci klubu Energy 2000 Przytkowice \u2022 regulamin COVID Energy 2000 Przytkowice \u2022 regulamin klubu Energy 2000 Przytkowice \u2022 regulamin sprzeda\u017cy Energy 2000 Przytkowice \u2022 dress code klubu Energy 2000 \u2022 regulamin voucher\u00f3w<\/p>","protected":false},"author":2,"featured_media":0,"parent":3191,"menu_order":24,"comment_status":"closed","ping_status":"closed","template":"","meta":[],"_links":{"self":[{"href":"https:\/\/przytkowice.energy2000.pl\/sk\/wp-json\/wp\/v2\/pages\/3797"}],"collection":[{"href":"https:\/\/przytkowice.energy2000.pl\/sk\/wp-json\/wp\/v2\/pages"}],"about":[{"href":"https:\/\/przytkowice.energy2000.pl\/sk\/wp-json\/wp\/v2\/types\/page"}],"author":[{"embeddable":true,"href":"https:\/\/przytkowice.energy2000.pl\/sk\/wp-json\/wp\/v2\/users\/2"}],"replies":[{"embeddable":true,"href":"https:\/\/przytkowice.energy2000.pl\/sk\/wp-json\/wp\/v2\/comments?post=3797"}],"version-history":[{"count":29,"href":"https:\/\/przytkowice.energy2000.pl\/sk\/wp-json\/wp\/v2\/pages\/3797\/revisions"}],"predecessor-version":[{"id":184687,"href":"https:\/\/przytkowice.energy2000.pl\/sk\/wp-json\/wp\/v2\/pages\/3797\/revisions\/184687"}],"up":[{"embeddable":true,"href":"https:\/\/przytkowice.energy2000.pl\/sk\/wp-json\/wp\/v2\/pages\/3191"}],"wp:attachment":[{"href":"https:\/\/przytkowice.energy2000.pl\/sk\/wp-json\/wp\/v2\/media?parent=3797"}],"curies":[{"name":"wp","href":"https:\/\/api.w.org\/{rel}","templated":true}]}}