{"id":3813,"date":"2017-04-11T14:24:32","date_gmt":"2017-04-11T12:24:32","guid":{"rendered":"http:\/\/k.energy2000.pl\/?page_id=3813"},"modified":"2017-04-11T14:24:32","modified_gmt":"2017-04-11T12:24:32","slug":"polityka-zrownowazonego-rozwoju-spoleczno-ekonomicznego","status":"publish","type":"page","link":"https:\/\/przytkowice.energy2000.pl\/sk\/klub\/politika-vyvazeneho-socialno-ekonomickeho-rozvoja\/","title":{"rendered":"Politika soci\u00e1lno-ekonomickej udr\u017eate\u013enosti"},"content":{"rendered":"<p>K\u013e\u00fa\u010dov\u00e9 z\u00e1sady spolo\u010dnosti Energy 2000 pre implement\u00e1ciu politiky trvalo udr\u017eate\u013en\u00e9ho rozvoja<br \/>\n<strong>SME EKO<\/strong><br \/>\nKe\u010f\u017ee sme si vedom\u00ed vplyvu na \u017eivotn\u00e9 prostredie a potreby zlep\u0161enia na\u0161ich \u010dinnost\u00ed na jeho ochranu, zav\u00e4zujeme sa vykon\u00e1va\u0165 na\u0161e \u010dinnosti tak, aby sme minimalizovali \u0161kodliv\u00e9 \u00fa\u010dinky na \u017eivotn\u00e9 prostredie bez toho, aby sme ohrozili prev\u00e1dzku zariaden\u00ed a kvalitu pon\u00fakan\u00fdch slu\u017eieb, a aby sme splnili po\u017eiadavky pr\u00e1vnych predpisov a nariaden\u00ed v oblasti \u017eivotn\u00e9ho prostredia.<\/p>\n<p>Energy2000 znamen\u00e1 proekologick\u00e9 rie\u0161enia - jedine\u010dn\u00e9 v Po\u013esku, Eur\u00f3pe a dokonca aj vo svete. Zariadenia pou\u017e\u00edvan\u00e9 v na\u0161ich diskot\u00e9kach sa vyzna\u010duj\u00fa najvy\u0161\u0161\u00edm stup\u0148om inov\u00e1cie, ako aj najnov\u0161\u00edmi rie\u0161eniami zameran\u00fdmi na zn\u00ed\u017eenie spotreby energie a vody a obmedzenie hluku.<\/p>\n<p>Spolo\u010dnos\u0165 Energy 2000 pri n\u00e1kupoch a spolupr\u00e1ci so subdod\u00e1vate\u013emi zoh\u013ead\u0148uje environment\u00e1lne krit\u00e9ri\u00e1. Intern\u00fd postup v\u00fdberu dod\u00e1vate\u013eov a realiz\u00e1cie n\u00e1kupov okrem in\u00e9ho znamen\u00e1 uprednost\u0148ovanie dod\u00e1vate\u013eov s certifik\u00e1tom environment\u00e1lneho mana\u017e\u00e9rstva EMAS alebo ISO 14001.<\/p>\n<p>Spolo\u010dnos\u0165 pou\u017e\u00edva v oblasti stravovania len vratn\u00e9 obaly a pou\u017e\u00edva ne\u0161kodn\u00e9 kart\u00f3nov\u00e9 \u0161katule, triedenie a lisovanie. V\u0161etok odpad, ktor\u00fd je vhodn\u00fd, sa odovzd\u00e1va extern\u00fdm subjektom na likvid\u00e1ciu, zo\u0161rotovanie a op\u00e4tovn\u00e9 pou\u017eitie.<\/p>\n<p>Spolo\u010dnos\u0165 Energy2000 pl\u00e1nuje \u010fal\u0161iu invest\u00edciu s n\u00e1zvom. \"V\u00fdstavba inovat\u00edvneho z\u00e1bavn\u00e9ho parku, ktor\u00fd kombinuje technol\u00f3gie, z\u00e1bavu a vzdel\u00e1vanie: edutainment\". Realizovan\u00e1 invest\u00edcia zah\u0155\u0148a viacero prvkov v procese poskytovania slu\u017eieb, ktor\u00e9 maj\u00fa v\u00fdznamn\u00fd vplyv na stav pr\u00edrodn\u00e9ho prostredia. Hlavn\u00e9 \u00fa\u010dinky projektu, ktor\u00e9 maj\u00fa proenvironment\u00e1lny rozmer, s\u00fa:<br \/>\n- vyu\u017e\u00edvanie obnovite\u013en\u00e9ho zdroja energie;<br \/>\n- zn\u00ed\u017eenie emisi\u00ed \u0161kodliv\u00fdch l\u00e1tok do \u017eivotn\u00e9ho prostredia;<br \/>\n- \u00faspora vody;<br \/>\n- energetick\u00e1 \u00fa\u010dinnos\u0165 prostredn\u00edctvom vyu\u017e\u00edvania najmodernej\u0161\u00edch technol\u00f3gi\u00ed, zni\u017eovania spotreby energie, LED osvetlenia, osvetlenia s laserov\u00fdm efektom s vysoko v\u00fdkonn\u00fdmi di\u00f3dami a pod.<\/p>\n<p>Pevne ver\u00edme, \u017ee implement\u00e1cia tejto environment\u00e1lnej politiky prispeje k ochrane \u017eivotn\u00e9ho prostredia a k informovanosti na\u0161ich z\u00e1kazn\u00edkov, ako aj na\u0161ich zamestnancov. Z\u00e1rove\u0148 vyhlasujeme, \u017ee s touto environment\u00e1lnou politikou s\u00fa obozn\u00e1men\u00e9 v\u0161etky osoby pracuj\u00face pre spolo\u010dnos\u0165 Energy2000 alebo v jej mene<\/p>\n<p>Politika rovnak\u00fdch pr\u00edle\u017eitost\u00ed.<br \/>\nZ\u00e1sady politiky rovnosti pr\u00edle\u017eitost\u00ed v zamestnan\u00ed sa vykon\u00e1vaj\u00fa prostredn\u00edctvom<br \/>\npostup spolo\u010dnosti pri prij\u00edman\u00ed zamestnancov. Tento postup je zalo\u017een\u00fd na z\u00e1sade absol\u00fatnej nediskrimin\u00e1cie zamestnancov na z\u00e1klade pohlavia, rasy alebo etnick\u00e9ho p\u00f4vodu, n\u00e1bo\u017eenstva alebo viery, zdravotn\u00e9ho postihnutia, veku alebo sexu\u00e1lnej orient\u00e1cie. Spolo\u010dnos\u0165 vytv\u00e1ra rovnak\u00fd pr\u00edstup k pracovn\u00fdm miestam pre \u017eeny a mu\u017eov a uplat\u0148uje na nich rovnak\u00e9 krit\u00e9ri\u00e1 hodnotenia a povy\u0161ovania.<br \/>\nSpolo\u010dnos\u0165 Energy 2000 ako zamestn\u00e1vate\u013e uplat\u0148uje politiku rovnosti pr\u00edle\u017eitost\u00ed v oblasti zamestn\u00e1vania, najm\u00e4 pre osoby so zdravotn\u00fdm postihnut\u00edm, \u017eeny, absolventov a zamestnancov nad 50 rokov.<br \/>\nPon\u00fakli sme zamestnancom ve\u010dern\u00e9 zmeny, ktor\u00e9 s\u00fa atrakt\u00edvne pre t\u00fdch, ktor\u00ed vychov\u00e1vaj\u00fa deti, tak\u017ee rodi\u010dia maj\u00fa mo\u017enos\u0165 strieda\u0165 sa v starostlivosti o svoje deti. Pon\u00fakame aj st\u00e1\u017ee pre absolventov a mlad\u00fdm talentovan\u00fdm hudobn\u00edkom poskytujeme bezplatne z\u00e1zemie, aby takto mohli rozv\u00edja\u0165 svoje hudobn\u00e9 z\u00e1ujmy.<\/p>\n<p>Spolo\u010dnos\u0165 informuje o d\u00f4le\u017eitosti zdrav\u00e9ho oddychu a podporuje bezpe\u010dn\u00fa z\u00e1bavu t\u00fdm, \u017ee venuje osobitn\u00fa pozornos\u0165 bezpe\u010dnosti organizovan\u00fdch podujat\u00ed.<br \/>\nEnergy 2000 je vybaven\u00e1 najmodernej\u0161\u00edm monitorovac\u00edm syst\u00e9mom, ktor\u00fd poskytuje preh\u013ead o v\u0161etk\u00fdch strategick\u00fdch bodoch objektu v re\u00e1lnom \u010dase. Syst\u00e9m je podporovan\u00fd najmodernej\u0161\u00edmi inteligentn\u00fdmi detektormi kovov, ktor\u00e9 eliminuj\u00fa mo\u017enos\u0165 vn\u00e1\u0161ania nebezpe\u010dn\u00fdch predmetov do klubu, \u010d\u00edm sa v\u00fdrazne zvy\u0161uje bezpe\u010dnos\u0165 n\u00e1\u0161ho klubu.<\/p>\n<p>Poskytujeme rovnak\u00fd pr\u00edstup k z\u00e1bave pre osoby so zdravotn\u00fdm postihnut\u00edm: zariadenie, toalety s\u00fa prisp\u00f4soben\u00e9 pre osoby so zdravotn\u00fdm postihnut\u00edm. Organizujeme v\u00fdlety pre nevidiacich a nepo\u010duj\u00facich \u013eud\u00ed s opatrovate\u013emi, ktor\u00ed sa akt\u00edvne z\u00fa\u010dast\u0148uj\u00fa na organizovan\u00fdch podujatiach.<\/p>\n<p>Na\u0161e \u00fasilie a d\u00f4raz na vysok\u00fd \u0161tandard slu\u017eieb potvrdzuj\u00fa medzin\u00e1rodn\u00e9 <a href=\"\/sk\/klub\/iso-9001\/\">Certifik\u00e1cia ISO 9001<\/a>Certifik\u00e1t vyd\u00e1va nez\u00e1visl\u00e1 in\u0161tit\u00facia a potvrdzuje najvy\u0161\u0161iu \u00farove\u0148 na\u0161ich slu\u017eieb. N\u00e1\u0161 klub z\u00edskal tento certifik\u00e1t ako jeden z m\u00e1la v Po\u013esku, Eur\u00f3pe a dokonca aj na svete.<\/p>","protected":false},"excerpt":{"rendered":"<p>G\u0142\u00f3wne za\u0142o\u017cenia Energy 2000 dotycz\u0105ce realizacji polityki w zakresie zr\u00f3wnowa\u017conego rozwoju JESTE\u015aMY EKO Maj\u0105c \u015bwiadomo\u015b\u0107 skutk\u00f3w oddzia\u0142ywania na \u015brodowisko naturalne i konieczno\u015bci doskonalenia naszych dzia\u0142a\u0144 na rzecz jego ochrony zobowi\u0105zujemy si\u0119 do prowadzenia dzia\u0142alno\u015bci w taki spos\u00f3b, aby zminimalizowa\u0107 szkodliwe &#8230; <a class=\"Rmore tbutton small\" href=\"https:\/\/przytkowice.energy2000.pl\/sk\/klub\/politika-vyvazeneho-socialno-ekonomickeho-rozvoja\/\"><span>Pozri viac \"<\/span><\/a><\/p>","protected":false},"author":2,"featured_media":0,"parent":3191,"menu_order":22,"comment_status":"closed","ping_status":"closed","template":"","meta":[],"_links":{"self":[{"href":"https:\/\/przytkowice.energy2000.pl\/sk\/wp-json\/wp\/v2\/pages\/3813"}],"collection":[{"href":"https:\/\/przytkowice.energy2000.pl\/sk\/wp-json\/wp\/v2\/pages"}],"about":[{"href":"https:\/\/przytkowice.energy2000.pl\/sk\/wp-json\/wp\/v2\/types\/page"}],"author":[{"embeddable":true,"href":"https:\/\/przytkowice.energy2000.pl\/sk\/wp-json\/wp\/v2\/users\/2"}],"replies":[{"embeddable":true,"href":"https:\/\/przytkowice.energy2000.pl\/sk\/wp-json\/wp\/v2\/comments?post=3813"}],"version-history":[{"count":1,"href":"https:\/\/przytkowice.energy2000.pl\/sk\/wp-json\/wp\/v2\/pages\/3813\/revisions"}],"predecessor-version":[{"id":3814,"href":"https:\/\/przytkowice.energy2000.pl\/sk\/wp-json\/wp\/v2\/pages\/3813\/revisions\/3814"}],"up":[{"embeddable":true,"href":"https:\/\/przytkowice.energy2000.pl\/sk\/wp-json\/wp\/v2\/pages\/3191"}],"wp:attachment":[{"href":"https:\/\/przytkowice.energy2000.pl\/sk\/wp-json\/wp\/v2\/media?parent=3813"}],"curies":[{"name":"wp","href":"https:\/\/api.w.org\/{rel}","templated":true}]}}