{"id":2709,"date":"2016-07-12T18:26:39","date_gmt":"2016-07-12T16:26:39","guid":{"rendered":"http:\/\/demo-energy2000.pl\/?page_id=2709"},"modified":"2025-12-09T22:15:55","modified_gmt":"2025-12-09T21:15:55","slug":"o-klubie","status":"publish","type":"page","link":"https:\/\/przytkowice.energy2000.pl\/uk\/%d0%ba%d0%bb%d1%83%d0%b1\/o-klubie\/","title":{"rendered":"\u041f\u0440\u043e \u043a\u043b\u0443\u0431"},"content":{"rendered":"<p class=\"plm-large-text\"><img decoding=\"async\" loading=\"lazy\" class=\"alignnone wp-image-134985 size-large\" src=\"https:\/\/przytkowice.energy2000.pl\/wp-content\/uploads\/2022\/04\/2G5A3025-1024x542.jpg\" alt=\"\" width=\"1024\" height=\"542\" \/><\/p>\n<p>Energy 2000 to jeden z najwi\u0119kszych klub\u00f3w muzycznych\u00a0 i\u00a0 centr\u00f3w rozrywkowych w Polsce. Klub znajduje si\u0119 w miejscowo\u015bci Przytkowice, oddalonej zaledwie 25 km od najcz\u0119\u015bciej odwiedzanego miasta Polski &#8211; Krakowa. Jeste\u015bmy do Waszej dyspozycji, w wybrane pi\u0105tki i ka\u017cd\u0105 sobot\u0119 (tak\u017ce w niekt\u00f3re \u015bwi\u0119ta oraz dni je poprzedzaj\u0105ce) od godz. 21:00, oferuj\u0105c zr\u00f3\u017cnicowane pod wzgl\u0119dem muzycznym i tematycznym imprezy rozrywkowe, urozmaicone dodatkowymi atrakcjami, takimi jak: koncerty znanych Artyst\u00f3w, wyst\u0119py dj-\u00f3w i grup muzycznych, konkursy, akcje promocyjne itp. Ju\u017c od ponad 33 lat stanowimy prawdziw\u0105 kolebk\u0119 polskiego clubbingu i wyznaczamy muzyczne trendy oraz kreujemy najmodniejsze imprezy tematyczne, takie jak Retro Party, Hip-Hop Night, Kings Of Hardstyle, Retromania, Single Party, Ladies Night, Stickers Night, Vixomania, G\u00f3ralska Noc, Hej Wesele i wiele, wiele innych.<\/p>\n<p><img decoding=\"async\" loading=\"lazy\" class=\"wp-image-134987 alignleft\" src=\"https:\/\/przytkowice.energy2000.pl\/wp-content\/uploads\/2022\/04\/c-1-1024x609.jpg\" alt=\"\" width=\"237\" height=\"141\" \/><img decoding=\"async\" loading=\"lazy\" class=\"wp-image-134988 alignleft\" src=\"https:\/\/przytkowice.energy2000.pl\/wp-content\/uploads\/2022\/04\/2G5A5397-300x200.jpg\" alt=\"\" width=\"209\" height=\"140\" \/><\/p>\n<p>W ci\u0105gu 33 lat naszej dzia\u0142alno\u015bci go\u015bcili\u015bmy setki najwi\u0119kszych gwiazd \u015bwiatowej i krajowej sceny klubowej, mi\u0119dzy innymi: <span style=\"font-weight: 400;\">ATB, Showtek, Inna, W &amp; W, Cosmic Gate, Westbam, Benny Benassi, Cascada, TJR, Timmy Trumpet, Groove Coverage, Pakito, Ummet Ozcan, R3hab, Bassjackers, Juicy M, Dj Antoine, Mike Candys, Remady i Manu-L, Headhunterz, Brennan Heart oraz najwi\u0119ksze gwiazdy polskiego Hip-Hopu: Paluch, White, Bedoes, Smolasty, Malik Montana, Kizo, Kali, OKI, Kinny Zimmer, Ganja Mafia, Tymek, Chillwagon, ReTo, Blacha, Szpaku, \u017babson,\u00a0 wielu, wielu innych<\/span>. Energy 2000 wielokrotnie by\u0142o doceniane przez r\u00f3\u017cne stacje telewizyjne, kt\u00f3re cz\u0119sto realizowa\u0142y swoje produkcje w\u0142a\u015bnie w naszym klubie. Blisko wsp\u00f3\u0142pracowali\u015bmy z telewizj\u0105 TVN, kt\u00f3ra nakr\u0119ci\u0142a w Energy 2000 wiele program\u00f3w, mi\u0119dzy innymi: \u201eDrog\u0119 Do Gwiazd\u201d, \u201eDla Ciebie Wszystko\u201d, \u201eSextet\u201d. Cz\u0119sto swoje produkcje realizuj\u0105 u nas telewizje muzyczne, MTV czy Eska TV.<br \/>\nW naszym klubie odby\u0142y si\u0119 Mistrzostwa Europy Dj oraz wiele innych znacz\u0105cych klubowych event\u00f3w. Jako pierwsi w Polsce rozpocz\u0119li\u015bmy transmisje \u201ena \u017cywo\u201d z wszystkich odbywaj\u0105cych si\u0119 w naszym klubie imprez. Na pocz\u0105tku, tylko w eterze, na falach znanego krakowskiego radia Alfa, p\u00f3\u017aniej w najwi\u0119kszym polskim radiu internetowym \u201eRadioparty\u201d, r\u00f3wnie\u017c jako pionierzy, dzi\u0119ki wsp\u00f3\u0142pracy z \u201eLokalik.tv\u201d uruchomili\u015bmy pierwsze w Polsce internetowe transmisje video &#8222;on line&#8221;.<\/p>\n<p><img decoding=\"async\" loading=\"lazy\" class=\"alignleft wp-image-132574\" src=\"https:\/\/przytkowice.energy2000.pl\/wp-content\/uploads\/2021\/11\/2G5A3049-300x200.jpg\" alt=\"\" width=\"241\" height=\"161\" \/><img decoding=\"async\" loading=\"lazy\" class=\"alignleft wp-image-132575\" src=\"https:\/\/przytkowice.energy2000.pl\/wp-content\/uploads\/2021\/11\/2G5A2746-300x200.jpg\" alt=\"\" width=\"241\" height=\"161\" \/><img decoding=\"async\" loading=\"lazy\" class=\"alignleft wp-image-132576\" src=\"https:\/\/przytkowice.energy2000.pl\/wp-content\/uploads\/2021\/11\/2G5A8032-300x200.jpg\" alt=\"\" width=\"241\" height=\"161\" \/><img decoding=\"async\" loading=\"lazy\" class=\"alignleft wp-image-132577\" src=\"https:\/\/przytkowice.energy2000.pl\/wp-content\/uploads\/2021\/11\/2G5A5583-300x200.jpg\" alt=\"\" width=\"241\" height=\"161\" \/><\/p>\n<p>Nasza historia rozpoczyna si\u0119 w roku 1991, kiedy klub znany by\u0142 jeszcze pod nazw\u0105 \u201eHoliday Disco\u201d i sk\u0142ada\u0142 si\u0119 zaledwie z jednej sali tanecznej oraz baru. Cho\u0107 pocz\u0105tki by\u0142y bardzo skromne, to jednak ju\u017c na starcie wyznaczyli\u015bmy sobie pewne cele, kt\u00f3re do tej pory stanowi\u0105 motto Energy 2000 &#8211; bezpiecze\u0144stwo, gwarancja dobrej zabawy i 100% zadowolenie naszych klient\u00f3w, to w\u0142a\u015bnie fundamenty, na kt\u00f3rych postanowili\u015bmy zbudowa\u0107 renom\u0119 i popularno\u015b\u0107 naszego klubu. Wszystkie nasze dzia\u0142ania, pocz\u0105wszy od postawienia pierwszych fundament\u00f3w, a sko\u0144czywszy na ostatnich modernizacjach s\u0142u\u017c\u0105 w\u0142a\u015bnie realizacji tych cel\u00f3w. Wielokrotnie przebudowywany klub Energy 2000 istnieje ju\u017c od 33 lat, co stanowi prawdziwy ewenement w bran\u017cy rozrywkowej. \u015arednio co trzy lata nast\u0119puje modernizacja klubu, obejmuj\u0105ca nie tylko wyposa\u017cenie i wystr\u00f3j, ale r\u00f3wnie\u017c zmiany w strukturze budynku, oraz jego rozbudow\u0119. Ka\u017cdy kolejny etap naszego rozwoju, to spektakularne, wprost ewolucyjne zmiany, kt\u00f3re w du\u017cym stopniu rzutuj\u0105 nie tylko na popularno\u015b\u0107 klubu, ale tak\u017ce na jego funkcjonalne i techniczne dzia\u0142anie. Aktualnie klub posiada 3 poziomy, 5 bar\u00f3w oraz 3 sale, z kt\u00f3rych ka\u017cda posiada w\u0142asny parkiet taneczny oferuj\u0105cy inny klimat muzyczny. Wszystkie sale posiadaj\u0105 tak\u017ce zr\u00f3\u017cnicowany design i wystr\u00f3j. Dodatkowo oferujemy naszym go\u015bciom unikalny Insta Room, czyli pomieszczenie ze specjalnymi instalacjami i aran\u017cacjami do zdj\u0119\u0107 na Instagrama. Zawsze staramy si\u0119 da\u0107 naszym klientom, to co najlepsze, a osi\u0105gn\u0105\u0107 to mo\u017cemy tylko dzi\u0119ki wsp\u00f3\u0142pracy z najlepszymi na rynku firmami, zajmuj\u0105cymi si\u0119 projektowaniem, planowaniem i wyposa\u017caniem klub\u00f3w. W\u0142a\u015bnie dlatego wszystkie nasze projekty modernizacji zosta\u0142y zrealizowane przy pomocy takich firm jak: Jupiter-Tech, LightUp, Wise Clubs, Grupa Design, Archi-pro, Mediam, Studio-Pro, Modus.<\/p>\n<p>Energy 2000 zawsze stara si\u0119 wyznacza\u0107 nowe trendy i standardy w bran\u017cy dyskotekowej i dzi\u0119ki temu jako jedyny klub w Polsce zostali\u015bmy opisani na \u0142amach \u015bwiatowej s\u0142awy pisma bran\u017cowego \u201eMondo\u201d. Dowodem naszego zaanga\u017cowania, w jako\u015b\u0107 \u015bwiadczonych przez nas us\u0142ug mo\u017ce by\u0107 r\u00f3wnie\u017c fakt, \u017ce ponad dekad\u0119 klub Energy 2000 zajmuje czo\u0142owe miejsca w czo\u0142owych rankingu polskich klub\u00f3w &#8211; portalu FTB oraz jako jedyny klub w Polsce i jeden z nielicznych na \u015bwiecie posiadamy najwy\u017cszy certyfikat jako\u015bci ISO 9001. Je\u015bli chodzi o rozw\u00f3j naszego klubu, to Energy 2000 nie powiedzia\u0142o jeszcze ostatniego s\u0142owa. Pragniemy rozwija\u0107 si\u0119 dalej, d\u0105\u017c\u0105c do doskona\u0142o\u015bci, a wszystko to by sprosta\u0107 wymaganiom naszych klient\u00f3w, w trosce o ich zadowolenie i satysfakcj\u0119. Pragniemy aby Energy 2000 kojarzy\u0142o si\u0119 wszystkim z najlepsz\u0105 klubow\u0105 imprez\u0105, na najwy\u017cszym \u015bwiatowym poziomie. Serdecznie zapraszamy!<br \/>\n<img decoding=\"async\" loading=\"lazy\" class=\"alignnone wp-image-135008 size-large\" src=\"https:\/\/przytkowice.energy2000.pl\/wp-content\/uploads\/2022\/04\/2G5A5572-1024x441.jpg\" alt=\"\" width=\"1024\" height=\"441\" \/><\/p>\n<div dir=\"auto\">\n<p>&nbsp;<\/p>\n<p>&nbsp;<\/p>\n<\/div>","protected":false},"excerpt":{"rendered":"<p>Energy 2000 to jeden z najwi\u0119kszych klub\u00f3w muzycznych\u00a0 i\u00a0 centr\u00f3w rozrywkowych w Polsce. Klub znajduje si\u0119 w miejscowo\u015bci Przytkowice, oddalonej zaledwie 25 km od najcz\u0119\u015bciej odwiedzanego miasta Polski &#8211; Krakowa. Jeste\u015bmy do Waszej dyspozycji, w wybrane pi\u0105tki i ka\u017cd\u0105 sobot\u0119 &#8230; <a class=\"Rmore tbutton small\" href=\"https:\/\/przytkowice.energy2000.pl\/uk\/%d0%ba%d0%bb%d1%83%d0%b1\/o-klubie\/\"><span>\u041f\u043e\u0431\u0430\u0447\u0438\u0442\u0438 \u0431\u0456\u043b\u044c\u0448\u0435 \"<\/span><\/a><\/p>","protected":false},"author":2,"featured_media":0,"parent":3191,"menu_order":31,"comment_status":"closed","ping_status":"closed","template":"","meta":[],"_links":{"self":[{"href":"https:\/\/przytkowice.energy2000.pl\/uk\/wp-json\/wp\/v2\/pages\/2709"}],"collection":[{"href":"https:\/\/przytkowice.energy2000.pl\/uk\/wp-json\/wp\/v2\/pages"}],"about":[{"href":"https:\/\/przytkowice.energy2000.pl\/uk\/wp-json\/wp\/v2\/types\/page"}],"author":[{"embeddable":true,"href":"https:\/\/przytkowice.energy2000.pl\/uk\/wp-json\/wp\/v2\/users\/2"}],"replies":[{"embeddable":true,"href":"https:\/\/przytkowice.energy2000.pl\/uk\/wp-json\/wp\/v2\/comments?post=2709"}],"version-history":[{"count":132,"href":"https:\/\/przytkowice.energy2000.pl\/uk\/wp-json\/wp\/v2\/pages\/2709\/revisions"}],"predecessor-version":[{"id":195139,"href":"https:\/\/przytkowice.energy2000.pl\/uk\/wp-json\/wp\/v2\/pages\/2709\/revisions\/195139"}],"up":[{"embeddable":true,"href":"https:\/\/przytkowice.energy2000.pl\/uk\/wp-json\/wp\/v2\/pages\/3191"}],"wp:attachment":[{"href":"https:\/\/przytkowice.energy2000.pl\/uk\/wp-json\/wp\/v2\/media?parent=2709"}],"curies":[{"name":"wp","href":"https:\/\/api.w.org\/{rel}","templated":true}]}}